{"id":560,"date":"2023-04-05T20:01:24","date_gmt":"2023-04-05T20:01:24","guid":{"rendered":"https:\/\/avrorakivi.ee\/?page_id=560"},"modified":"2026-04-18T22:31:39","modified_gmt":"2026-04-18T19:31:39","slug":"hauakivid-loomadele","status":"publish","type":"page","link":"https:\/\/avrorakivi.ee\/ru\/hauakivid-loomadele\/","title":{"rendered":"\u041f\u0430\u043c\u044f\u0442\u043d\u0438\u043a\u0438 \u0434\u043b\u044f \u0436\u0438\u0432\u043e\u0442\u043d\u044b\u0445"},"content":{"rendered":"<p>[et_pb_section fb_built=&#8221;1&#8243; custom_padding_last_edited=&#8221;on|phone&#8221; admin_label=&#8221;Welcome Section&#8221; _builder_version=&#8221;4.20.4&#8243; use_background_color_gradient=&#8221;on&#8221; background_color_gradient_stops=&#8221;#1a1e21 0%|rgba(49,62,71,0.5) 100%&#8221; background_color_gradient_overlays_image=&#8221;on&#8221; background_color_gradient_start=&#8221;#1a1e21&#8243; background_color_gradient_end=&#8221;rgba(49,62,71,0.5)&#8221; background_image=&#8221;https:\/\/avrorakivi.ee\/wp-content\/uploads\/2021\/03\/rock-stone-abstract-background-texture-scaled.jpg&#8221; custom_padding=&#8221;54px||120px||false|false&#8221; custom_padding_tablet=&#8221;52px||50px||false|true&#8221; custom_padding_phone=&#8221;70px||46px||false|false&#8221; border_color_all=&#8221;#ffba60&#8243; border_color_right=&#8221;rgba(0,0,0,0.28)&#8221; global_colors_info=&#8221;{}&#8221;][et_pb_row admin_label=&#8221;Welcome Area&#8221; _builder_version=&#8221;4.16&#8243; custom_padding=&#8221;0px|||||&#8221; global_colors_info=&#8221;{}&#8221;][et_pb_column type=&#8221;4_4&#8243; _builder_version=&#8221;4.16&#8243; custom_padding=&#8221;|||&#8221; global_colors_info=&#8221;{}&#8221; custom_padding__hover=&#8221;|||&#8221;][et_pb_text admin_label=&#8221;Title&#8221; _builder_version=&#8221;4.16&#8243; text_font=&#8221;||||||||&#8221; header_font=&#8221;||||||||&#8221; header_2_font=&#8221;Prata||||||||&#8221; header_2_text_align=&#8221;center&#8221; header_2_text_color=&#8221;#FFFFFF&#8221; header_2_font_size=&#8221;48px&#8221; header_2_line_height=&#8221;1.6em&#8221; custom_margin=&#8221;||10px|&#8221; custom_padding=&#8221;|||&#8221; animation_style=&#8221;fade&#8221; header_2_font_size_tablet=&#8221;40px&#8221; header_2_font_size_phone=&#8221;32px&#8221; header_2_font_size_last_edited=&#8221;on|tablet&#8221; global_colors_info=&#8221;{}&#8221;]<\/p>\n<h2><span>Hauakivid loomadele<\/span><\/h2>\n<p>[\/et_pb_text][et_pb_text _builder_version=&#8221;4.20.4&#8243; _module_preset=&#8221;default&#8221; text_text_color=&#8221;#FFFFFF&#8221; text_font_size=&#8221;16px&#8221; animation_style=&#8221;fade&#8221; text_font_size_tablet=&#8221;&#8221; text_font_size_phone=&#8221;14px&#8221; text_font_size_last_edited=&#8221;on|phone&#8221; global_colors_info=&#8221;{}&#8221;]<\/p>\n<p style=\"text-align: center;\"><span>Koduloomadest saavad sageli t\u00f5elised s\u00f5brad ja perekonnaliikmed. Nad kingivad oma kiindumuse ja truuduse oma peremehele, kuni oma viimse hinget\u00f5mbeni. Pole ime, et viimasel ajal on avatud lemmikloomade kalmistud, kus Te saate v\u00e4\u00e4rikalt matta oma lemmiklooma ja paigaldada tema hauale m\u00e4lestusm\u00e4rgi v\u00f5i m\u00e4lestustahvli.<\/span><\/p>\n<p style=\"text-align: center;\"><span>V\u00f5ite valida lihtsa ristk\u00fclikukujulise tahvli, tellida figuurse m\u00e4lestusm\u00e4rgi v\u00f5i tuua meile oma kavandi, mille j\u00e4rgi meie meistrid selle m\u00e4lestusm\u00e4rgi valmistavad.<\/span><\/p>\n<p style=\"text-align: center;\"><span>Parimaks m\u00e4lestusm\u00e4rgi kaunistuseks on teie lemmiklooma pilt. N\u00e4iteks portree v\u00f5i kunstiline joonistus. Lisaks pildile j\u00e4\u00e4dvustatakse lemmikloomade m\u00e4lestusm\u00e4rkidele tavaliselt lemmiklooma nimi ja eluaastad. Kuid kui Te soovite j\u00e4tta m\u00e4lestusm\u00e4rgile m\u00f5ned soojad s\u00f5nad oma lahkunud s\u00f5bra m\u00e4lestuseks, saab m\u00e4lestusm\u00e4rgile paigutada l\u00fchikese ja v\u00e4ljendusrikka epitaafi.<\/span><\/p>\n<p>[\/et_pb_text][et_pb_image src=&#8221;https:\/\/avrorakivi.ee\/wp-content\/uploads\/2026\/03\/pamyatnik-kotu-granit-portret-v-stekle.jpg&#8221; alt=&#8221;\u0413\u0440\u0430\u043d\u0438\u0442\u043d\u044b\u0439 \u043f\u0430\u043c\u044f\u0442\u043d\u0438\u043a \u043a\u043e\u0442\u0443 \u0441 \u0446\u0432\u0435\u0442\u043d\u044b\u043c \u043f\u043e\u0440\u0442\u0440\u0435\u0442\u043e\u043c \u0432 \u0441\u0442\u0435\u043a\u043b\u0435 \u0438 \u043e\u0433\u0440\u0430\u0434\u043e\u0439 \/ Graniidist m\u00e4lestussammas kassile klaasist v\u00e4rviportree ja piirdega.&#8221; title_text=&#8221;\u0418\u0437\u0433\u043e\u0442\u043e\u0432\u043b\u0435\u043d\u0438\u0435 \u044d\u043a\u0441\u043a\u043b\u044e\u0437\u0438\u0432\u043d\u044b\u0445 \u043f\u0430\u043c\u044f\u0442\u043d\u0438\u043a\u043e\u0432 \u0434\u043b\u044f \u0434\u043e\u043c\u0430\u0448\u043d\u0438\u0445 \u0436\u0438\u0432\u043e\u0442\u043d\u044b\u0445 \u0438\u0437 \u0433\u0440\u0430\u043d\u0438\u0442\u0430&#8221; url=&#8221;https:\/\/youtube.com\/shorts\/ZKiFU2OH7ao?is=RF4Raqjb0ki357sC&#8221; url_new_window=&#8221;on&#8221; _builder_version=&#8221;4.27.4&#8243; _module_preset=&#8221;default&#8221; global_colors_info=&#8221;{}&#8221;][\/et_pb_image][et_pb_divider divider_position=&#8221;center&#8221; divider_weight=&#8221;3px&#8221; _builder_version=&#8221;4.16&#8243; max_width=&#8221;70px&#8221; module_alignment=&#8221;center&#8221; animation_style=&#8221;slide&#8221; animation_direction=&#8221;top&#8221; animation_intensity_slide=&#8221;10%&#8221; animation_starting_opacity=&#8221;100%&#8221; global_colors_info=&#8221;{}&#8221;][\/et_pb_divider][\/et_pb_column][\/et_pb_row][et_pb_row use_custom_gutter=&#8221;on&#8221; gutter_width=&#8221;2&#8243; custom_padding_last_edited=&#8221;on|tablet&#8221; _builder_version=&#8221;4.20.4&#8243; _module_preset=&#8221;default&#8221; width=&#8221;100%&#8221; max_width=&#8221;1266px&#8221; custom_padding=&#8221;0px||0px|||&#8221; custom_padding_tablet=&#8221;0px|45px|0px|45px|false|false&#8221; custom_padding_phone=&#8221;0px|45px|0px|45px|false|false&#8221; global_colors_info=&#8221;{}&#8221;][et_pb_column type=&#8221;4_4&#8243; _builder_version=&#8221;4.16&#8243; _module_preset=&#8221;default&#8221; global_colors_info=&#8221;{}&#8221;][et_pb_gallery gallery_ids=&#8221;892,1030,1240,1036,1024,1033,1025,1029,1037,1053,1228,565,567,564,563&#8243; posts_number=&#8221;30&#8243; show_title_and_caption=&#8221;off&#8221; show_pagination=&#8221;off&#8221; zoom_icon_color=&#8221;#ce2727&#8243; hover_overlay_color=&#8221;rgba(255,255,255,0.54)&#8221; _builder_version=&#8221;4.27.4&#8243; _module_preset=&#8221;default&#8221; hover_enabled=&#8221;0&#8243; box_shadow_style_image=&#8221;preset1&#8243; box_shadow_blur_image=&#8221;17px&#8221; box_shadow_spread_image=&#8221;5px&#8221; global_colors_info=&#8221;{}&#8221; sticky_enabled=&#8221;0&#8243;][\/et_pb_gallery][\/et_pb_column][\/et_pb_row][\/et_pb_section][et_pb_section fb_built=&#8221;1&#8243; custom_padding_last_edited=&#8221;on|tablet&#8221; disabled_on=&#8221;off|off|off&#8221; admin_label=&#8221;Fun Fact Section&#8221; _builder_version=&#8221;4.16&#8243; background_color=&#8221;#191f23&#8243; custom_padding=&#8221;123px||119px||false|false&#8221; custom_padding_tablet=&#8221;80px||80px||true|false&#8221; custom_padding_phone=&#8221;80px||112px||false|false&#8221; global_colors_info=&#8221;{}&#8221;][et_pb_row admin_label=&#8221;Page Title Area&#8221; _builder_version=&#8221;4.16&#8243; background_size=&#8221;initial&#8221; background_position=&#8221;top_left&#8221; background_repeat=&#8221;repeat&#8221; custom_padding=&#8221;4px||0px|||&#8221; global_colors_info=&#8221;{}&#8221;][et_pb_column type=&#8221;4_4&#8243; _builder_version=&#8221;4.16&#8243; custom_padding=&#8221;|||&#8221; global_colors_info=&#8221;{}&#8221; custom_padding__hover=&#8221;|||&#8221;][et_pb_text admin_label=&#8221;Page Title&#8221; _builder_version=&#8221;4.20.4&#8243; text_font=&#8221;||||||||&#8221; text_font_size=&#8221;18px&#8221; text_line_height=&#8221;2em&#8221; header_font=&#8221;Prata||||||||&#8221; header_font_size=&#8221;48px&#8221; header_line_height=&#8221;1.6em&#8221; header_2_font=&#8221;||||||||&#8221; text_orientation=&#8221;center&#8221; background_layout=&#8221;dark&#8221; max_width=&#8221;700px&#8221; module_alignment=&#8221;center&#8221; custom_margin=&#8221;|||&#8221; animation_style=&#8221;fade&#8221; header_font_size_tablet=&#8221;40px&#8221; header_font_size_phone=&#8221;33px&#8221; header_font_size_last_edited=&#8221;on|phone&#8221; global_colors_info=&#8221;{}&#8221;]<\/p>\n<h1>V\u00f5tke meiega \u00fchendust<\/h1>\n<p>[\/et_pb_text][et_pb_button button_url=&#8221;https:\/\/avrorakivi.ee\/kontakt\/&#8221; button_text=&#8221;Kontakt&#8221; button_alignment=&#8221;center&#8221; _builder_version=&#8221;4.16&#8243; custom_button=&#8221;on&#8221; button_text_size=&#8221;14px&#8221; button_text_color=&#8221;#FFFFFF&#8221; button_bg_color=&#8221;#ce2727&#8243; button_border_width=&#8221;2px&#8221; button_border_color=&#8221;rgba(213,62,41,0.66)&#8221; button_border_radius=&#8221;0px&#8221; button_letter_spacing=&#8221;4px&#8221; button_font=&#8221;|700||on|||||&#8221; button_icon=&#8221;&#x24;||divi||400&#8243; custom_padding=&#8221;10px||10px|&#8221; animation_style=&#8221;fade&#8221; box_shadow_style=&#8221;preset3&#8243; button_bg_color_hover=&#8221;rgba(0,0,0,0)&#8221; global_colors_info=&#8221;{}&#8221; button_text_size__hover_enabled=&#8221;off&#8221; button_one_text_size__hover_enabled=&#8221;off&#8221; button_two_text_size__hover_enabled=&#8221;off&#8221; button_text_color__hover_enabled=&#8221;off&#8221; button_one_text_color__hover_enabled=&#8221;off&#8221; button_two_text_color__hover_enabled=&#8221;off&#8221; button_border_width__hover_enabled=&#8221;off&#8221; button_one_border_width__hover_enabled=&#8221;off&#8221; button_two_border_width__hover_enabled=&#8221;off&#8221; button_border_color__hover_enabled=&#8221;off&#8221; button_one_border_color__hover_enabled=&#8221;off&#8221; button_two_border_color__hover_enabled=&#8221;off&#8221; button_border_radius__hover_enabled=&#8221;off&#8221; button_one_border_radius__hover_enabled=&#8221;off&#8221; button_two_border_radius__hover_enabled=&#8221;off&#8221; button_letter_spacing__hover_enabled=&#8221;off&#8221; button_one_letter_spacing__hover_enabled=&#8221;off&#8221; button_two_letter_spacing__hover_enabled=&#8221;off&#8221; button_bg_color__hover_enabled=&#8221;on|desktop&#8221; button_bg_color__hover=&#8221;rgba(0,0,0,0)&#8221; button_one_bg_color__hover_enabled=&#8221;off&#8221; button_two_bg_color__hover_enabled=&#8221;off&#8221;][\/et_pb_button][\/et_pb_column][\/et_pb_row][\/et_pb_section]<\/p>\n","protected":false},"excerpt":{"rendered":"<p>Hauakivid loomadeleKoduloomadest saavad sageli t\u00f5elised s\u00f5brad ja perekonnaliikmed. Nad kingivad oma kiindumuse ja truuduse oma peremehele, kuni oma viimse hinget\u00f5mbeni. Pole ime, et viimasel ajal on avatud lemmikloomade kalmistud, kus Te saate v\u00e4\u00e4rikalt matta oma lemmiklooma ja paigaldada tema hauale m\u00e4lestusm\u00e4rgi v\u00f5i m\u00e4lestustahvli. V\u00f5ite valida lihtsa ristk\u00fclikukujulise tahvli, tellida figuurse m\u00e4lestusm\u00e4rgi v\u00f5i tuua meile oma [&hellip;]<\/p>\n","protected":false},"author":1,"featured_media":1053,"parent":0,"menu_order":0,"comment_status":"closed","ping_status":"closed","template":"","meta":{"_et_pb_use_builder":"on","_et_pb_old_content":"","_et_gb_content_width":"","om_disable_all_campaigns":false,"_monsterinsights_skip_tracking":false,"_monsterinsights_sitenote_active":false,"_monsterinsights_sitenote_note":"","_monsterinsights_sitenote_category":0,"_uf_show_specific_survey":0,"_uf_disable_surveys":false,"footnotes":""},"class_list":["post-560","page","type-page","status-publish","has-post-thumbnail","hentry"],"aioseo_notices":[],"_links":{"self":[{"href":"https:\/\/avrorakivi.ee\/ru\/wp-json\/wp\/v2\/pages\/560","targetHints":{"allow":["GET"]}}],"collection":[{"href":"https:\/\/avrorakivi.ee\/ru\/wp-json\/wp\/v2\/pages"}],"about":[{"href":"https:\/\/avrorakivi.ee\/ru\/wp-json\/wp\/v2\/types\/page"}],"author":[{"embeddable":true,"href":"https:\/\/avrorakivi.ee\/ru\/wp-json\/wp\/v2\/users\/1"}],"replies":[{"embeddable":true,"href":"https:\/\/avrorakivi.ee\/ru\/wp-json\/wp\/v2\/comments?post=560"}],"version-history":[{"count":15,"href":"https:\/\/avrorakivi.ee\/ru\/wp-json\/wp\/v2\/pages\/560\/revisions"}],"predecessor-version":[{"id":1242,"href":"https:\/\/avrorakivi.ee\/ru\/wp-json\/wp\/v2\/pages\/560\/revisions\/1242"}],"wp:featuredmedia":[{"embeddable":true,"href":"https:\/\/avrorakivi.ee\/ru\/wp-json\/wp\/v2\/media\/1053"}],"wp:attachment":[{"href":"https:\/\/avrorakivi.ee\/ru\/wp-json\/wp\/v2\/media?parent=560"}],"curies":[{"name":"wp","href":"https:\/\/api.w.org\/{rel}","templated":true}]}}