{"id":535,"date":"2023-04-05T18:17:27","date_gmt":"2023-04-05T18:17:27","guid":{"rendered":"https:\/\/avrorakivi.ee\/?page_id=535"},"modified":"2026-03-28T22:53:54","modified_gmt":"2026-03-28T20:53:54","slug":"portreed","status":"publish","type":"page","link":"https:\/\/avrorakivi.ee\/ru\/portreed\/","title":{"rendered":"\u041f\u043e\u0440\u0442\u0440\u0435\u0442\u044b"},"content":{"rendered":"\n[et_pb_section fb_built=&#8221;1&#8243; custom_padding_last_edited=&#8221;on|phone&#8221; admin_label=&#8221;Welcome Section&#8221; _builder_version=&#8221;4.20.4&#8243; use_background_color_gradient=&#8221;on&#8221; background_color_gradient_stops=&#8221;#1a1e21 0%|rgba(49,62,71,0.5) 100%&#8221; background_color_gradient_overlays_image=&#8221;on&#8221; background_color_gradient_start=&#8221;#1a1e21&#8243; background_color_gradient_end=&#8221;rgba(49,62,71,0.5)&#8221; background_image=&#8221;https:\/\/avrorakivi.ee\/wp-content\/uploads\/2021\/03\/rock-stone-abstract-background-texture-scaled.jpg&#8221; custom_padding=&#8221;54px||120px||false|false&#8221; custom_padding_tablet=&#8221;52px||50px||false|true&#8221; custom_padding_phone=&#8221;70px||46px||false|false&#8221; border_color_all=&#8221;#ffba60&#8243; border_color_right=&#8221;rgba(0,0,0,0.28)&#8221; global_colors_info=&#8221;{}&#8221;][et_pb_row admin_label=&#8221;Welcome Area&#8221; _builder_version=&#8221;4.16&#8243; custom_padding=&#8221;0px|||||&#8221; global_colors_info=&#8221;{}&#8221;][et_pb_column type=&#8221;4_4&#8243; _builder_version=&#8221;4.16&#8243; custom_padding=&#8221;|||&#8221; global_colors_info=&#8221;{}&#8221; custom_padding__hover=&#8221;|||&#8221;][et_pb_text admin_label=&#8221;Title&#8221; _builder_version=&#8221;4.16&#8243; text_font=&#8221;||||||||&#8221; header_font=&#8221;||||||||&#8221; header_2_font=&#8221;Prata||||||||&#8221; header_2_text_align=&#8221;center&#8221; header_2_text_color=&#8221;#FFFFFF&#8221; header_2_font_size=&#8221;48px&#8221; header_2_line_height=&#8221;1.6em&#8221; custom_margin=&#8221;||10px|&#8221; custom_padding=&#8221;|||&#8221; animation_style=&#8221;fade&#8221; header_2_font_size_tablet=&#8221;40px&#8221; header_2_font_size_phone=&#8221;32px&#8221; header_2_font_size_last_edited=&#8221;on|tablet&#8221; global_colors_info=&#8221;{}&#8221;]<h2>Portreed<\/h2>[\/et_pb_text][et_pb_text _builder_version=&#8221;4.20.4&#8243; _module_preset=&#8221;default&#8221; text_text_color=&#8221;#FFFFFF&#8221; text_font_size=&#8221;16px&#8221; animation_style=&#8221;fade&#8221; text_font_size_tablet=&#8221;&#8221; text_font_size_phone=&#8221;14px&#8221; text_font_size_last_edited=&#8221;on|phone&#8221; global_colors_info=&#8221;{}&#8221;]<p style=\"text-align: center;\"><span>Portree on \u00fcks peamisi elemente hauamonumendil, sest aeg kustutab m\u00e4lestusest n\u00e4od, kuid hea foto peatab meelest libisevad hetked. On oluline, et kivile j\u00e4\u00e4dvustatud kujutis oleks sarnane kliendiga koosk\u00f5lastatud eskiisile.<\/span><\/p>\n<p style=\"text-align: center;\"><span>T\u00f6\u00f6 kvaliteet s\u00f5ltub paljudest teguritest, sealhulgas kasutatavast t\u00f6\u00f6riistast, meistri kutseoskustest ja muidugi foto \u00f5igest ettevalmistamisest.<\/span><\/p>\n<p style=\"text-align: center;\"><span>Meie t\u00f6\u00f6koda on spetsialiseerunud graniidist, marmorist hauamonumentide valmistamisele ja portreede valmistamisele hauamonumentide jaoks. Me aitame klientidel j\u00e4\u00e4dvustada m\u00e4lestust oma sugulastest ja l\u00e4hedastest. T\u00f6\u00f6koja meistrid teevad k\u00f5ik vastavalt kliendi soovile, arvestades k\u00f5iki tema soove ja rahuldades tema n\u00f5udmisi. Meie t\u00f6\u00f6tajate k\u00f5rge professionaalsuse tase ja oskused v\u00f5imaldavad neil luua mitte ainult portreesid, vaid ka mis tahes kunstilisi t\u00f6id klientide eskiiside j\u00e4rgi.<\/span><\/p>\n<p style=\"text-align: center;\"><span>Meie meistrid soovitavad oma klientidele teha portree otse kiviplaadile. Esiteks on see k\u00f5ige praktilisem ja vastupidavam lahendus, teiseks ei vaja sellised portreed erilist hooldust &#8211; piisab pildi puhastamisest \u00fcks kord aastas ja v\u00e4rvimisest \u00fcks kord k\u00fcmne aasta jooksul &#8211; selle \u00fclev\u00e4rvimisest. Eriti ilusad n\u00e4evad fotod v\u00e4lja mustal graniidil.<\/span><\/p>\n<p style=\"text-align: center;\"><span>Me suhtume oma t\u00f6\u00f6sse loominguliselt ja maksimaalselt vastutustundlikult, pakume m\u00f5istlikke hindu portree valmistamiseks hauamonumendile ja anname garantii.<\/span><\/p>[\/et_pb_text][et_pb_divider divider_position=&#8221;center&#8221; divider_weight=&#8221;3px&#8221; _builder_version=&#8221;4.16&#8243; max_width=&#8221;70px&#8221; module_alignment=&#8221;center&#8221; animation_style=&#8221;slide&#8221; animation_direction=&#8221;top&#8221; animation_intensity_slide=&#8221;10%&#8221; animation_starting_opacity=&#8221;100%&#8221; global_colors_info=&#8221;{}&#8221;][\/et_pb_divider][\/et_pb_column][\/et_pb_row][et_pb_row column_structure=&#8221;1_3,1_3,1_3&#8243; use_custom_gutter=&#8221;on&#8221; gutter_width=&#8221;2&#8243; custom_padding_last_edited=&#8221;on|phone&#8221; _builder_version=&#8221;4.20.4&#8243; _module_preset=&#8221;default&#8221; width=&#8221;100%&#8221; max_width=&#8221;1266px&#8221; custom_padding=&#8221;0px||0px|||&#8221; custom_padding_tablet=&#8221;|45px||45px|false|true&#8221; custom_padding_phone=&#8221;&#8221; global_colors_info=&#8221;{}&#8221;][et_pb_column type=&#8221;1_3&#8243; _builder_version=&#8221;4.16&#8243; _module_preset=&#8221;default&#8221; global_colors_info=&#8221;{}&#8221;][\/et_pb_column][et_pb_column type=&#8221;1_3&#8243; _builder_version=&#8221;4.16&#8243; _module_preset=&#8221;default&#8221; global_colors_info=&#8221;{}&#8221;][et_pb_image src=&#8221;https:\/\/avrorakivi.ee\/wp-content\/uploads\/2026\/02\/pamyatnik-s-gravirovkoy-portreta.jpg&#8221; title_text=&#8221;pamyatnik-s-gravirovkoy-portreta&#8221; _builder_version=&#8221;4.27.4&#8243; _module_preset=&#8221;default&#8221; animation_style=&#8221;fade&#8221; hover_enabled=&#8221;0&#8243; global_colors_info=&#8221;{}&#8221; alt=&#8221;\u0425\u0443\u0434\u043e\u0436\u0435\u0441\u0442\u0432\u0435\u043d\u043d\u0430\u044f \u0433\u0440\u0430\u0432\u0438\u0440\u043e\u0432\u043a\u0430 \u043f\u043e\u0440\u0442\u0440\u0435\u0442\u0430 \u043d\u0430 \u043a\u0430\u043c\u043d\u0435, Avrora Kivi O\u00dc&#8221; sticky_enabled=&#8221;0&#8243;][\/et_pb_image][\/et_pb_column][et_pb_column type=&#8221;1_3&#8243; _builder_version=&#8221;4.16&#8243; _module_preset=&#8221;default&#8221; global_colors_info=&#8221;{}&#8221;][\/et_pb_column][\/et_pb_row][\/et_pb_section][et_pb_section fb_built=&#8221;1&#8243; custom_padding_last_edited=&#8221;on|tablet&#8221; disabled_on=&#8221;off|off|off&#8221; admin_label=&#8221;Fun Fact Section&#8221; _builder_version=&#8221;4.16&#8243; background_color=&#8221;#191f23&#8243; custom_padding=&#8221;123px||119px||false|false&#8221; custom_padding_tablet=&#8221;80px||80px||true|false&#8221; custom_padding_phone=&#8221;80px||112px||false|false&#8221; global_colors_info=&#8221;{}&#8221;][et_pb_row admin_label=&#8221;Page Title Area&#8221; _builder_version=&#8221;4.16&#8243; background_size=&#8221;initial&#8221; background_position=&#8221;top_left&#8221; background_repeat=&#8221;repeat&#8221; custom_padding=&#8221;4px||0px|||&#8221; global_colors_info=&#8221;{}&#8221;][et_pb_column type=&#8221;4_4&#8243; _builder_version=&#8221;4.16&#8243; custom_padding=&#8221;|||&#8221; global_colors_info=&#8221;{}&#8221; custom_padding__hover=&#8221;|||&#8221;][et_pb_text admin_label=&#8221;Page Title&#8221; _builder_version=&#8221;4.20.4&#8243; text_font=&#8221;||||||||&#8221; text_font_size=&#8221;18px&#8221; text_line_height=&#8221;2em&#8221; header_font=&#8221;Prata||||||||&#8221; header_font_size=&#8221;48px&#8221; header_line_height=&#8221;1.6em&#8221; header_2_font=&#8221;||||||||&#8221; text_orientation=&#8221;center&#8221; background_layout=&#8221;dark&#8221; max_width=&#8221;700px&#8221; module_alignment=&#8221;center&#8221; custom_margin=&#8221;|||&#8221; animation_style=&#8221;fade&#8221; header_font_size_tablet=&#8221;40px&#8221; header_font_size_phone=&#8221;33px&#8221; header_font_size_last_edited=&#8221;on|phone&#8221; global_colors_info=&#8221;{}&#8221;]<h1>V\u00f5tke meiega \u00fchendust<\/h1>[\/et_pb_text][et_pb_button button_url=&#8221;https:\/\/avrorakivi.ee\/kontakt\/&#8221; button_text=&#8221;Kontakt&#8221; button_alignment=&#8221;center&#8221; _builder_version=&#8221;4.16&#8243; custom_button=&#8221;on&#8221; button_text_size=&#8221;14px&#8221; button_text_color=&#8221;#FFFFFF&#8221; button_bg_color=&#8221;#ce2727&#8243; button_border_width=&#8221;2px&#8221; button_border_color=&#8221;rgba(213,62,41,0.66)&#8221; button_border_radius=&#8221;0px&#8221; button_letter_spacing=&#8221;4px&#8221; button_font=&#8221;|700||on|||||&#8221; button_icon=&#8221;&#x24;||divi||400&#8243; custom_padding=&#8221;10px||10px|&#8221; animation_style=&#8221;fade&#8221; box_shadow_style=&#8221;preset3&#8243; button_bg_color_hover=&#8221;rgba(0,0,0,0)&#8221; global_colors_info=&#8221;{}&#8221; button_text_size__hover_enabled=&#8221;off&#8221; button_one_text_size__hover_enabled=&#8221;off&#8221; button_two_text_size__hover_enabled=&#8221;off&#8221; button_text_color__hover_enabled=&#8221;off&#8221; button_one_text_color__hover_enabled=&#8221;off&#8221; button_two_text_color__hover_enabled=&#8221;off&#8221; button_border_width__hover_enabled=&#8221;off&#8221; button_one_border_width__hover_enabled=&#8221;off&#8221; button_two_border_width__hover_enabled=&#8221;off&#8221; button_border_color__hover_enabled=&#8221;off&#8221; button_one_border_color__hover_enabled=&#8221;off&#8221; button_two_border_color__hover_enabled=&#8221;off&#8221; button_border_radius__hover_enabled=&#8221;off&#8221; button_one_border_radius__hover_enabled=&#8221;off&#8221; button_two_border_radius__hover_enabled=&#8221;off&#8221; button_letter_spacing__hover_enabled=&#8221;off&#8221; button_one_letter_spacing__hover_enabled=&#8221;off&#8221; button_two_letter_spacing__hover_enabled=&#8221;off&#8221; button_bg_color__hover_enabled=&#8221;on|desktop&#8221; button_bg_color__hover=&#8221;rgba(0,0,0,0)&#8221; button_one_bg_color__hover_enabled=&#8221;off&#8221; button_two_bg_color__hover_enabled=&#8221;off&#8221;][\/et_pb_button][\/et_pb_column][\/et_pb_row][\/et_pb_section]\n","protected":false},"excerpt":{"rendered":"<p>PortreedPortree on \u00fcks peamisi elemente hauamonumendil, sest aeg kustutab m\u00e4lestusest n\u00e4od, kuid hea foto peatab meelest libisevad hetked. On oluline, et kivile j\u00e4\u00e4dvustatud kujutis oleks sarnane kliendiga koosk\u00f5lastatud eskiisile. T\u00f6\u00f6 kvaliteet s\u00f5ltub paljudest teguritest, sealhulgas kasutatavast t\u00f6\u00f6riistast, meistri kutseoskustest ja muidugi foto \u00f5igest ettevalmistamisest. Meie t\u00f6\u00f6koda on spetsialiseerunud graniidist, marmorist hauamonumentide valmistamisele ja portreede valmistamisele [&hellip;]<\/p>\n","protected":false},"author":1,"featured_media":0,"parent":0,"menu_order":0,"comment_status":"closed","ping_status":"closed","template":"","meta":{"_et_pb_use_builder":"on","_et_pb_old_content":"","_et_gb_content_width":"","om_disable_all_campaigns":false,"_monsterinsights_skip_tracking":false,"_monsterinsights_sitenote_active":false,"_monsterinsights_sitenote_note":"","_monsterinsights_sitenote_category":0,"_uf_show_specific_survey":0,"_uf_disable_surveys":false,"footnotes":""},"class_list":["post-535","page","type-page","status-publish","hentry"],"aioseo_notices":[],"_links":{"self":[{"href":"https:\/\/avrorakivi.ee\/ru\/wp-json\/wp\/v2\/pages\/535","targetHints":{"allow":["GET"]}}],"collection":[{"href":"https:\/\/avrorakivi.ee\/ru\/wp-json\/wp\/v2\/pages"}],"about":[{"href":"https:\/\/avrorakivi.ee\/ru\/wp-json\/wp\/v2\/types\/page"}],"author":[{"embeddable":true,"href":"https:\/\/avrorakivi.ee\/ru\/wp-json\/wp\/v2\/users\/1"}],"replies":[{"embeddable":true,"href":"https:\/\/avrorakivi.ee\/ru\/wp-json\/wp\/v2\/comments?post=535"}],"version-history":[{"count":7,"href":"https:\/\/avrorakivi.ee\/ru\/wp-json\/wp\/v2\/pages\/535\/revisions"}],"predecessor-version":[{"id":935,"href":"https:\/\/avrorakivi.ee\/ru\/wp-json\/wp\/v2\/pages\/535\/revisions\/935"}],"wp:attachment":[{"href":"https:\/\/avrorakivi.ee\/ru\/wp-json\/wp\/v2\/media?parent=535"}],"curies":[{"name":"wp","href":"https:\/\/api.w.org\/{rel}","templated":true}]}}